{"id":547,"date":"2023-05-17T16:37:11","date_gmt":"2023-05-17T15:37:11","guid":{"rendered":"https:\/\/bentekluge.com\/?page_id=547"},"modified":"2025-08-01T11:18:12","modified_gmt":"2025-08-01T10:18:12","slug":"media","status":"publish","type":"page","link":"https:\/\/bentekluge.com\/index.php\/316-2\/media\/","title":{"rendered":"Media"},"content":{"rendered":"\n<p><strong>Stipendium<\/strong><\/p>\n\n\n\n<p style=\"font-size:15px\"><strong>2023<\/strong> Stypendium Marszalka Wojew\u00f3dztwa Pomorskiego dla tw\u00f3rc\u00f3w kultury  <a rel=\"noreferrer noopener\" href=\"https:\/\/bentekluge.com\/wp-content\/uploads\/2023\/12\/Laureatka-Stypendium-Marszalka-Wojewodztwa-Pomorskiego-dla-tworcow-kultury-2023.pdf\" data-type=\"attachment\" data-id=\"644\" target=\"_blank\">Open PDF<\/a><\/p>\n\n\n\n<p><strong>Portfolio<\/strong><\/p>\n\n\n\n<p><em>PORTFOLIO Bente Kluge<\/em> <a rel=\"noreferrer noopener\" href=\"https:\/\/bentekluge.com\/wp-content\/uploads\/2023\/01\/Bente_Kluge_portfolio.pdf\" target=\"_blank\">Open PDF<\/a><\/p>\n\n\n\n<p><strong>Exhibition documentation<\/strong><\/p>\n\n\n\n<p class=\"has-small-font-size\"><strong>2025<\/strong> Galeria w  Zau\u0142ku Gda\u0144sk &#8220;G\u0142owy, kt\u00f3re pami\u0119taj\u0105. Konie, kt\u00f3re \u015bni\u0105&#8221; <a href=\"https:\/\/bentekluge.com\/wp-content\/uploads\/2025\/08\/2025-GALERIA-W-ZAULKU.pdf\" data-type=\"URL\" target=\"_blank\" rel=\"noreferrer noopener\">Open PDF<\/a><\/p>\n\n\n\n<p><strong>2025<\/strong> Ksi\u0119garnia Smak S\u0142owa &#8220;Sopocki wernisa\u017c jednego obrazu&#8221; <a href=\"https:\/\/bentekluge.com\/wp-content\/uploads\/2025\/08\/2025-Ksiegarnia-Smak-Slowa.pdf\" data-type=\"URL\" target=\"_blank\" rel=\"noreferrer noopener\">Open PDF<\/a><\/p>\n\n\n\n<p><strong>2025<\/strong> WL4 Mleczny Piotr Gda\u0144sk &#8220;Abstrakcja i Figury&#8221; <a rel=\"noreferrer noopener\" href=\"https:\/\/bentekluge.com\/wp-content\/uploads\/2025\/08\/2025-ABSTRAKCJA-I-FIGURY.pdf\" data-type=\"URL\" target=\"_blank\">Open PDF<\/a><\/p>\n\n\n\n<p><strong>2024<\/strong> Dworek Sierakowskich Sopot &#8220;Symbole i Artefakty&#8221; <a rel=\"noreferrer noopener\" href=\"https:\/\/bentekluge.com\/wp-content\/uploads\/2024\/12\/2024-DWOREK-SIERAKOWSKICH-SYMBOLE-I-ARTEFAKTY.pdf\" data-type=\"URL\" target=\"_blank\">Open PDF<\/a><\/p>\n\n\n\n<p><strong>2024<\/strong> Galeria Krypta u Piar\u00f3w Krak\u00f3w <a rel=\"noreferrer noopener\" href=\"https:\/\/bentekluge.com\/wp-content\/uploads\/2024\/12\/2024-Galeria-Krypta-o-Piarov-Krakow.pdf\" data-type=\"URL\" target=\"_blank\">Open PDF<\/a><\/p>\n\n\n\n<p><strong>2024<\/strong> Galeri Bergslien Eidfjord  <a href=\"https:\/\/bentekluge.com\/wp-content\/uploads\/2024\/12\/2024-Galleri-Bergslien-Eidfjord.pdf\" data-type=\"URL\" target=\"_blank\" rel=\"noreferrer noopener\">Open PDF<\/a><\/p>\n\n\n\n<p><strong>2022<\/strong> Oliwski Ratusz Kultury &#8220;Broken Column&#8221;  <a href=\"https:\/\/bentekluge.com\/wp-content\/uploads\/2024\/12\/2022-Oliwski-Ratusz-Kultury-Broken-Colums.pdf\" target=\"_blank\" rel=\"noreferrer noopener\">Open PDF<\/a><\/p>\n\n\n\n<p><strong>2022<\/strong> Oronsko Centre of Polish Sculpture <a href=\"https:\/\/bentekluge.com\/wp-content\/uploads\/2023\/05\/2022-Oronsko-Centre-of-Polish-Sculpture.pdf\" data-type=\"URL\" target=\"_blank\" rel=\"noreferrer noopener\">Open PDF<\/a><\/p>\n\n\n\n<p><strong>2021<\/strong> 35th anniversary of work <a href=\"https:\/\/bentekluge.com\/wp-content\/uploads\/2023\/01\/Exhibition-documentation-ZPAP-2021.pdf\">Open PDF<\/a><\/p>\n\n\n\n<p><strong>2021<\/strong> The National Museum in Gdansk <a href=\"https:\/\/bentekluge.com\/wp-content\/uploads\/2023\/05\/2021-The-National-Museum-in-Gdansk.pdf\">Open PDF<\/a><\/p>\n\n\n\n<p><strong>2021<\/strong> \u201cThe artist- the creative process\u201d <a href=\"https:\/\/bentekluge.com\/wp-content\/uploads\/2023\/05\/2021-The-artist-the-creative-process.pdf\">Open PDF<\/a><\/p>\n\n\n\n<p><strong>2019<\/strong> Funzi Island Kenya  <a href=\"https:\/\/bentekluge.com\/wp-content\/uploads\/2024\/12\/2019-FUNZI-ISLAND-KENIA.pdf\" target=\"_blank\" rel=\"noreferrer noopener\">Open PDF<\/a><\/p>\n\n\n\n<p><strong>2018<\/strong> Sopocki Pasa\u017c Sztuki &#8211; Przej\u015bcie <a href=\"https:\/\/bentekluge.com\/wp-content\/uploads\/2023\/05\/2018-Sopocki-Pasaz-Sztuki-Przejscie.pdf\" target=\"_blank\" rel=\"noreferrer noopener\">Open PDF<\/a><\/p>\n\n\n\n<p><strong>2014 <\/strong>to <strong>2016<\/strong> Wood Symposiums in Gdansk and Oslo <a rel=\"noreferrer noopener\" href=\"https:\/\/bentekluge.com\/wp-content\/uploads\/2023\/05\/2014-to-2016-Wood-Symposiums-in-Gdansk-and-Oslo.pdf\" target=\"_blank\">Open PDF<\/a><\/p>\n\n\n\n<p><strong>2013<\/strong> Granite Symposium <a href=\"https:\/\/bentekluge.com\/wp-content\/uploads\/2023\/05\/2013-Granitt-symposium-2013.pdf\">Open PDF<\/a><\/p>\n\n\n\n<p><strong>Texts<\/strong><\/p>\n\n\n\n<p><em> <\/em>About Bente&#8217;s sculptures &#8211; Prof.  S. Ostrowski ( in Norwegian) <a rel=\"noreferrer noopener\" href=\"https:\/\/bentekluge.com\/wp-content\/uploads\/2023\/01\/Om-Bentes-skulptur-prof.-S.-Ostrowski.pdf\" data-type=\"attachment\" data-id=\"530\" target=\"_blank\">Open PDF<\/a><\/p>\n\n\n\n<p><em>A Report from the Land of Tenderness<br>Reflections upon the sculptural art of Bente Kluge &#8211; Roman Gajewski<\/em> <a rel=\"noreferrer noopener\" href=\"https:\/\/bentekluge.com\/wp-content\/uploads\/2023\/01\/A-Report-from-the-Land-of-Tenderness-Roman-Gajewski.pdf\" target=\"_blank\">Open PDF<\/a><\/p>\n\n\n\n<p>Broken Columns &#8211; Exhibition text ( in Polish ) <a rel=\"noreferrer noopener\" href=\"https:\/\/bentekluge.com\/wp-content\/uploads\/2023\/01\/Broken-columns-\u2014-tekst-NOR-PL.pdf\" target=\"_blank\">Open PDF<\/a><\/p>\n\n\n\n<p><strong>Video<\/strong><\/p>\n\n\n\n<figure class=\"wp-block-embed is-type-video is-provider-youtube wp-block-embed-youtube wp-embed-aspect-4-3 wp-has-aspect-ratio\"><div class=\"wp-block-embed__wrapper\">\n<iframe loading=\"lazy\" title=\"Wernisa\u017c &quot;Misteria&quot; w BWA w Jeleniej G\u00f3rze\" width=\"620\" height=\"465\" src=\"https:\/\/www.youtube.com\/embed\/sqEZRxzYgSg?start=1&#038;feature=oembed\" frameborder=\"0\" allow=\"accelerometer; autoplay; clipboard-write; encrypted-media; gyroscope; picture-in-picture; web-share\" referrerpolicy=\"strict-origin-when-cross-origin\" allowfullscreen><\/iframe>\n<\/div><\/figure>\n","protected":false},"excerpt":{"rendered":"<p>Stipendium 2023 Stypendium Marszalka Wojew\u00f3dztwa Pomorskiego dla tw\u00f3rc\u00f3w kultury Open PDF Portfolio PORTFOLIO Bente Kluge Open PDF Exhibition documentation 2025 Galeria w Zau\u0142ku Gda\u0144sk &#8220;G\u0142owy, kt\u00f3re pami\u0119taj\u0105. Konie,&#8230;<\/p>\n","protected":false},"author":1,"featured_media":0,"parent":316,"menu_order":0,"comment_status":"closed","ping_status":"closed","template":"","meta":{"ngg_post_thumbnail":0},"_links":{"self":[{"href":"https:\/\/bentekluge.com\/index.php\/wp-json\/wp\/v2\/pages\/547"}],"collection":[{"href":"https:\/\/bentekluge.com\/index.php\/wp-json\/wp\/v2\/pages"}],"about":[{"href":"https:\/\/bentekluge.com\/index.php\/wp-json\/wp\/v2\/types\/page"}],"author":[{"embeddable":true,"href":"https:\/\/bentekluge.com\/index.php\/wp-json\/wp\/v2\/users\/1"}],"replies":[{"embeddable":true,"href":"https:\/\/bentekluge.com\/index.php\/wp-json\/wp\/v2\/comments?post=547"}],"version-history":[{"count":18,"href":"https:\/\/bentekluge.com\/index.php\/wp-json\/wp\/v2\/pages\/547\/revisions"}],"predecessor-version":[{"id":677,"href":"https:\/\/bentekluge.com\/index.php\/wp-json\/wp\/v2\/pages\/547\/revisions\/677"}],"up":[{"embeddable":true,"href":"https:\/\/bentekluge.com\/index.php\/wp-json\/wp\/v2\/pages\/316"}],"wp:attachment":[{"href":"https:\/\/bentekluge.com\/index.php\/wp-json\/wp\/v2\/media?parent=547"}],"curies":[{"name":"wp","href":"https:\/\/api.w.org\/{rel}","templated":true}]}}